{"id":41466,"date":"2024-05-17T09:57:31","date_gmt":"2024-05-17T09:57:31","guid":{"rendered":"https:\/\/www.flgfrontline.com\/dev\/a-propos-de-nous\/"},"modified":"2026-03-18T04:01:46","modified_gmt":"2026-03-18T04:01:46","slug":"about-us","status":"publish","type":"page","link":"https:\/\/www.flgfrontline.com\/fr\/about-us\/","title":{"rendered":"\u00c0 propos de nous"},"content":{"rendered":"\t\t<div data-elementor-type=\"wp-page\" data-elementor-id=\"41466\" class=\"elementor elementor-41466 elementor-15198\" data-elementor-post-type=\"page\">\n\t\t\t\t<div class=\"elementor-element elementor-element-5a3082d e-con-full e-flex e-con e-parent\" data-id=\"5a3082d\" data-element_type=\"container\" data-e-type=\"container\">\n\t\t<div class=\"elementor-element elementor-element-aceeffd e-flex e-con-boxed e-con e-child\" data-id=\"aceeffd\" data-element_type=\"container\" data-e-type=\"container\">\n\t\t\t\t\t<div class=\"e-con-inner\">\n\t\t<div class=\"elementor-element elementor-element-87d48a9 e-con-full e-flex e-con e-child\" data-id=\"87d48a9\" data-element_type=\"container\" data-e-type=\"container\">\n\t\t\t\t<div class=\"elementor-element elementor-element-f99d734 elementor-widget elementor-widget-the7-heading\" data-id=\"f99d734\" data-element_type=\"widget\" data-e-type=\"widget\" data-widget_type=\"the7-heading.default\">\n\t\t\t\t<div class=\"elementor-widget-container\">\n\t\t\t\t\t<div class=\"the7-heading-title elementor-size-default\">Qui sommes-nous<\/div>\t\t\t\t<\/div>\n\t\t\t\t<\/div>\n\t\t\t\t<div class=\"elementor-element elementor-element-831938e elementor-widget-tablet__width-inherit elementor-widget elementor-widget-text-editor\" data-id=\"831938e\" data-element_type=\"widget\" data-e-type=\"widget\" data-widget_type=\"text-editor.default\">\n\t\t\t\t\t\t\t\t\t<p><img fetchpriority=\"high\" decoding=\"async\" class=\"alignright size-medium wp-image-41594\" src=\"https:\/\/www.flgfrontline.com\/wp-content\/uploads\/2025\/12\/Ou-Values-fr-294x300.png\" alt=\"\" width=\"294\" height=\"300\" srcset=\"https:\/\/www.flgfrontline.com\/wp-content\/uploads\/2025\/12\/Ou-Values-fr-294x300.png 294w, https:\/\/www.flgfrontline.com\/wp-content\/uploads\/2025\/12\/Ou-Values-fr-768x785.png 768w, https:\/\/www.flgfrontline.com\/wp-content\/uploads\/2025\/12\/Ou-Values-fr.png 816w\" sizes=\"(max-width: 294px) 100vw, 294px\" \/><strong>Groupe Premi\u00e8re Ligne (GPL) <\/strong>, une division de l\u2019Agence de recouvrement CBV est en affaires depuis plus de 100 ans. Nous fournissons des services de gestion de compte client (GCC) et de service client de qualit\u00e9 sup\u00e9rieure aux clients du Fortune Global 500 dans les domaines suivants : t\u00e9l\u00e9communications, services publics, vente au d\u00e9tail, services financiers, soins de sant\u00e9 et tous les niveaux de gouvernement. Depuis 25 ann\u00e9es cons\u00e9cutives, notre chiffre d\u2019affaires n\u2019a cess\u00e9 d\u2019augmenter. Notre longue histoire de stabilit\u00e9 organisationnelle et financi\u00e8re garantit que nous allouerons constamment les ressources n\u00e9cessaires pour devenir la r\u00e9f\u00e9rence par rapport \u00e0 laquelle nos clients mesurent leurs autres partenaires.<\/p><p>Nous sommes fiers de notre culture d\u2019honn\u00eatet\u00e9 et d\u2019int\u00e9grit\u00e9. Nous nous effor\u00e7ons de d\u00e9terminer la bonne approche et la bonne strat\u00e9gie pour assurer la protection de la marque de nos clients en suivant une approche centr\u00e9e sur la conformit\u00e9, gr\u00e2ce \u00e0 un personnel bien form\u00e9 et d\u00e9vou\u00e9, qui obtient les meilleurs r\u00e9sultats. Nous avons l\u2019exp\u00e9rience, les gens, la technologie, la capacit\u00e9 et la flexibilit\u00e9 n\u00e9cessaires pour atteindre et d\u00e9passer les objectifs de collecte et de r\u00e9tention de nos clients. Nous adh\u00e9rons strictement \u00e0 toutes les lois et r\u00e9glementations r\u00e9gissant la vie priv\u00e9e et la confidentialit\u00e9. Nous d\u00e9passons les objectifs de performance, prot\u00e9geons la marque et la r\u00e9putation de nos clients, r\u00e9solvons les probl\u00e8mes rapidement et correctement et offrons une exp\u00e9rience client in\u00e9gal\u00e9e.<\/p>\t\t\t\t\t\t\t\t<\/div>\n\t\t\t\t<div class=\"elementor-element elementor-element-146dadc elementor-widget elementor-widget-the7-heading\" data-id=\"146dadc\" data-element_type=\"widget\" data-e-type=\"widget\" data-widget_type=\"the7-heading.default\">\n\t\t\t\t<div class=\"elementor-widget-container\">\n\t\t\t\t\t<div class=\"the7-heading-title elementor-size-default\">Notre mission<\/div>\t\t\t\t<\/div>\n\t\t\t\t<\/div>\n\t\t\t\t<div class=\"elementor-element elementor-element-d5e485c elementor-widget-tablet__width-inherit elementor-widget elementor-widget-text-editor\" data-id=\"d5e485c\" data-element_type=\"widget\" data-e-type=\"widget\" data-widget_type=\"text-editor.default\">\n\t\t\t\t\t\t\t\t\tL\u2019objectif principal de GPL est de fournir un service client efficace et respectueux empreints d\u2019int\u00e9grit\u00e9 et de transparence. Pour ce faire, nous utilisons des m\u00e9thodes \u00e9prouv\u00e9es et innovantes, une technologie de pointe et un leadership en mati\u00e8re de conformit\u00e9 qui nous permettent d\u2019offrir des r\u00e9sultats exceptionnels \u00e0 nos clients et \u00e0 leurs consommateurs. Notre mission est \u00e9galement d\u2019encourager l\u2019innovation pour relever les d\u00e9fis et en favorisant un environnement collaboratif avec nos clients internes et externes.\t\t\t\t\t\t\t\t<\/div>\n\t\t\t\t<div class=\"elementor-element elementor-element-c299b02 elementor-widget elementor-widget-the7-heading\" data-id=\"c299b02\" data-element_type=\"widget\" data-e-type=\"widget\" data-widget_type=\"the7-heading.default\">\n\t\t\t\t<div class=\"elementor-widget-container\">\n\t\t\t\t\t<div class=\"the7-heading-title elementor-size-default\">Engagement envers la durabilit\u00e9<\/div>\t\t\t\t<\/div>\n\t\t\t\t<\/div>\n\t\t\t\t<div class=\"elementor-element elementor-element-0825eec elementor-widget-tablet__width-inherit elementor-widget elementor-widget-text-editor\" data-id=\"0825eec\" data-element_type=\"widget\" data-e-type=\"widget\" data-widget_type=\"text-editor.default\">\n\t\t\t\t\t\t\t\t\t<p>Groupe Premi\u00e8re Ligne\u00a0s\u2019engage activement \u00e0 r\u00e9duire son impact environnemental gr\u00e2ce \u00e0 diverses initiatives de durabilit\u00e9. Nos efforts s\u2019alignent sur les objectifs mondiaux de durabilit\u00e9 et contribuent \u00e0 des pratiques commerciales responsables.<br \/>Transition vers un environnement sans papier et une technologie de pointe<br \/>Groupe Premi\u00e8re Ligne s\u2019oriente vers un mod\u00e8le op\u00e9rationnel sans papier en num\u00e9risant les processus traditionnels sur papier. Nous avons \u00e9galement int\u00e9gr\u00e9 Umbrella, une solution avanc\u00e9e d\u2019analyse vocale, afin d\u2019am\u00e9liorer la surveillance et la conformit\u00e9 dans nos op\u00e9rations d\u2019appel.<\/p><p><strong>Impact :<\/strong><br \/>R\u00e9duit la consommation de papier, minimisant ainsi les d\u00e9chets et l\u2019impact environnemental de la production, du transport et de l\u2019\u00e9limination du papier.<br \/>Am\u00e9liore l\u2019efficacit\u00e9 op\u00e9rationnelle et la conformit\u00e9, rationalisant ainsi la communication et le traitement des donn\u00e9es.<br \/>Soutient la durabilit\u00e9 en r\u00e9duisant l\u2019utilisation des ressources et la consommation d\u2019\u00e9nergie associ\u00e9es aux m\u00e9thodes de documentation traditionnelles.<\/p><p><strong>Partenariat avec l\u2019Association de recyclage des produits \u00e9lectroniques:<\/strong><br \/>Groupe Premi\u00e8re Ligne s\u2019associe \u00e0 l\u2019Association de recyclage des produits \u00e9lectroniques pour assurer l\u2019\u00e9limination s\u00fbre et s\u00e9curis\u00e9e de tous les \u00e9quipements informatiques tout en soutenant les organismes de bienfaisance locaux. Nous nous engageons \u00e0 minimiser l\u2019impact environnemental en d\u00e9tournant les d\u00e9chets des sites d\u2019enfouissement dans la mesure du possible.<\/p><p>Engagement envers des op\u00e9rations durables<br \/>Les initiatives de durabilit\u00e9 de Groupe Premi\u00e8re Ligne\u00a0soutiennent les objectifs environnementaux en :<br \/><strong>R\u00e9duisant l\u2019empreinte carbone :<\/strong> La transition vers des op\u00e9rations num\u00e9riques et le travail \u00e0 distance r\u00e9duisent consid\u00e9rablement les \u00e9missions li\u00e9es aux d\u00e9placements domicile-travail et aux d\u00e9chets de papier.<br \/><strong>Am\u00e9liorant l\u2019efficacit\u00e9 :<\/strong> Tirer parti de la technologie pour optimiser l\u2019utilisation des ressources et l\u2019efficacit\u00e9 op\u00e9rationnelle.<br \/><strong>Minimisant l\u2019infrastructure physique :<\/strong> R\u00e9duire la d\u00e9pendance \u00e0 l\u2019\u00e9gard des grands espaces de bureaux afin de r\u00e9duire la consommation d\u2019\u00e9nergie et l\u2019impact environnemental.<\/p>\t\t\t\t\t\t\t\t<\/div>\n\t\t\t\t<div class=\"elementor-element elementor-element-ef682c8 elementor-widget elementor-widget-the7-heading\" data-id=\"ef682c8\" data-element_type=\"widget\" data-e-type=\"widget\" data-widget_type=\"the7-heading.default\">\n\t\t\t\t<div class=\"elementor-widget-container\">\n\t\t\t\t\t<div class=\"the7-heading-title elementor-size-default\">Nos valeurs<\/div>\t\t\t\t<\/div>\n\t\t\t\t<\/div>\n\t\t\t\t<div class=\"elementor-element elementor-element-c28550d elementor-widget-tablet__width-inherit elementor-widget elementor-widget-text-editor\" data-id=\"c28550d\" data-element_type=\"widget\" data-e-type=\"widget\" data-widget_type=\"text-editor.default\">\n\t\t\t\t\t\t\t\t\t<ul>\n \t<li>Comportement \u00e9thique et honn\u00eate<\/li>\n \t<li>Service de qualit\u00e9<\/li>\n \t<li>Haute productivit\u00e9 et performance<\/li>\n \t<li>Environnement de travail positif<\/li>\n<\/ul>\t\t\t\t\t\t\t\t<\/div>\n\t\t\t\t<\/div>\n\t\t\t\t\t<\/div>\n\t\t\t\t<\/div>\n\t\t<div class=\"elementor-element elementor-element-c95d15a e-flex e-con-boxed e-con e-child\" data-id=\"c95d15a\" data-element_type=\"container\" data-e-type=\"container\" data-settings=\"{&quot;background_background&quot;:&quot;classic&quot;}\">\n\t\t\t\t\t<div class=\"e-con-inner\">\n\t\t<div class=\"elementor-element elementor-element-576af8e e-con-full e-flex e-con e-child\" data-id=\"576af8e\" data-element_type=\"container\" data-e-type=\"container\">\n\t\t\t\t<div class=\"elementor-element elementor-element-11919d1 elementor-widget elementor-widget-the7-heading\" data-id=\"11919d1\" data-element_type=\"widget\" data-e-type=\"widget\" data-widget_type=\"the7-heading.default\">\n\t\t\t\t<div class=\"elementor-widget-container\">\n\t\t\t\t\t<h3 class=\"the7-heading-title elementor-size-default\">\u00c9quipe de direction<\/h3>\t\t\t\t<\/div>\n\t\t\t\t<\/div>\n\t\t\t\t<div class=\"elementor-element elementor-element-262060c icon-box-vertical-align-center elementor-widget__width-inherit content-align-left icon-vertical-align-start elementor-widget elementor-widget-the7_image_box_grid_widget\" data-id=\"262060c\" data-element_type=\"widget\" data-e-type=\"widget\" data-widget_type=\"the7_image_box_grid_widget.default\">\n\t\t\t\t<div class=\"elementor-widget-container\">\n\t\t\t\t\t<div class=\"the7-box-grid-wrapper the7-elementor-widget loading-effect-none the7_image_box_grid_widget-262060c\">\t\t\t<div class=\"dt-css-grid\">\n\t\t\t\t\t\t\t\t\t<div class=\"wf-cell shown\">\n\t\t\t\t\t\t<div class=\"the7-image-box-wrapper the7-box-wrapper the7-elementor-widget\">\t\t\t\t\t\t\t<div class=\"box-content-wrapper\">\n\n\t\t\t\t\t\t\t\t\t\t\t\t\t\t\t\t\t<div class=\"elementor-image-div \">\n\t\t\t\t\t\t\t\t\t\t<a class=\"post-thumbnail-rollover layzr-bg img-css-resize-wrapper\" ><img decoding=\"async\" width=\"91\" height=\"91\" src=\"data:image\/svg+xml,%3Csvg%20xmlns%3D&#039;http%3A%2F%2Fwww.w3.org%2F2000%2Fsvg&#039;%20viewBox%3D&#039;0%200%2091%2091&#039;%2F%3E\" class=\"attachment-full size-full preload-me aspect lazy lazy-load\" alt=\"\" style=\"--ratio: 91 \/ 91;\" data-src=\"https:\/\/www.flgfrontline.com\/wp-content\/uploads\/2026\/01\/tony-pampena.png\" loading=\"eager\" \/><\/a>\t\t\t\t\t\t\t\t\t<\/div>\n\t\t\t\t\t\t\t\t\t\t\t\t\t\t\t\t<div class=\"box-content\">\n\t\t\t\t\t\t\t\t\t<div class=\"box-heading\"><a >Tony Pampena<\/a><\/div><div class=\"box-description\">Pr\u00e9sident<\/div>\t\t\t\t\t\t\t\t<\/div>\n\t\t\t\t\t\t\t<\/div>\n\t\t\t\t\t\t<\/div>\t\t\t\t\t<\/div>\n\t\t\t\t\t\t\t\t\t\t<div class=\"wf-cell shown\">\n\t\t\t\t\t\t<div class=\"the7-image-box-wrapper the7-box-wrapper the7-elementor-widget\">\t\t\t\t\t\t\t<div class=\"box-content-wrapper\">\n\n\t\t\t\t\t\t\t\t\t\t\t\t\t\t\t\t\t<div class=\"elementor-image-div \">\n\t\t\t\t\t\t\t\t\t\t<a class=\"post-thumbnail-rollover layzr-bg img-css-resize-wrapper\" ><img decoding=\"async\" width=\"126\" height=\"118\" src=\"data:image\/svg+xml,%3Csvg%20xmlns%3D&#039;http%3A%2F%2Fwww.w3.org%2F2000%2Fsvg&#039;%20viewBox%3D&#039;0%200%20126%20118&#039;%2F%3E\" class=\"attachment-full size-full preload-me aspect lazy lazy-load\" alt=\"\" style=\"--ratio: 126 \/ 118;\" data-src=\"https:\/\/www.flgfrontline.com\/wp-content\/uploads\/2026\/01\/jainarine-deonarayan.png\" loading=\"eager\" \/><\/a>\t\t\t\t\t\t\t\t\t<\/div>\n\t\t\t\t\t\t\t\t\t\t\t\t\t\t\t\t<div class=\"box-content\">\n\t\t\t\t\t\t\t\t\t<div class=\"box-heading\"><a >Jainarine Deonarayan<\/a><\/div><div class=\"box-description\">Directeur<br \/>\nDivision des achats<\/div>\t\t\t\t\t\t\t\t<\/div>\n\t\t\t\t\t\t\t<\/div>\n\t\t\t\t\t\t<\/div>\t\t\t\t\t<\/div>\n\t\t\t\t\t\t\t\t\t\t<div class=\"wf-cell shown\">\n\t\t\t\t\t\t<div class=\"the7-image-box-wrapper the7-box-wrapper the7-elementor-widget\">\t\t\t\t\t\t\t<div class=\"box-content-wrapper\">\n\n\t\t\t\t\t\t\t\t\t\t\t\t\t\t\t\t\t<div class=\"elementor-image-div \">\n\t\t\t\t\t\t\t\t\t\t<a class=\"post-thumbnail-rollover layzr-bg img-css-resize-wrapper\" ><img decoding=\"async\" width=\"119\" height=\"118\" src=\"data:image\/svg+xml,%3Csvg%20xmlns%3D&#039;http%3A%2F%2Fwww.w3.org%2F2000%2Fsvg&#039;%20viewBox%3D&#039;0%200%20119%20118&#039;%2F%3E\" class=\"attachment-full size-full preload-me aspect lazy lazy-load\" alt=\"\" style=\"--ratio: 119 \/ 118;\" data-src=\"https:\/\/www.flgfrontline.com\/wp-content\/uploads\/2026\/01\/isak-benjaminsson.png\" loading=\"eager\" \/><\/a>\t\t\t\t\t\t\t\t\t<\/div>\n\t\t\t\t\t\t\t\t\t\t\t\t\t\t\t\t<div class=\"box-content\">\n\t\t\t\t\t\t\t\t\t<div class=\"box-heading\"><a >Isak Benjaminsson<\/a><\/div><div class=\"box-description\">Vice-pr\u00e9sident<br \/>\nInformatique<\/div>\t\t\t\t\t\t\t\t<\/div>\n\t\t\t\t\t\t\t<\/div>\n\t\t\t\t\t\t<\/div>\t\t\t\t\t<\/div>\n\t\t\t\t\t\t\t\t\t\t<div class=\"wf-cell shown\">\n\t\t\t\t\t\t<div class=\"the7-image-box-wrapper the7-box-wrapper the7-elementor-widget\">\t\t\t\t\t\t\t<div class=\"box-content-wrapper\">\n\n\t\t\t\t\t\t\t\t\t\t\t\t\t\t\t\t\t<div class=\"elementor-image-div \">\n\t\t\t\t\t\t\t\t\t\t<a class=\"post-thumbnail-rollover layzr-bg img-css-resize-wrapper\" ><img decoding=\"async\" width=\"116\" height=\"131\" src=\"data:image\/svg+xml,%3Csvg%20xmlns%3D&#039;http%3A%2F%2Fwww.w3.org%2F2000%2Fsvg&#039;%20viewBox%3D&#039;0%200%20116%20131&#039;%2F%3E\" class=\"attachment-full size-full preload-me aspect lazy lazy-load\" alt=\"\" style=\"--ratio: 116 \/ 131;\" data-src=\"https:\/\/www.flgfrontline.com\/wp-content\/uploads\/2026\/01\/mary-pozza.png\" loading=\"eager\" \/><\/a>\t\t\t\t\t\t\t\t\t<\/div>\n\t\t\t\t\t\t\t\t\t\t\t\t\t\t\t\t<div class=\"box-content\">\n\t\t\t\t\t\t\t\t\t<div class=\"box-heading\"><a >Mary Pozza<\/a><\/div><div class=\"box-description\">Vice-pr\u00e9sidente<br \/>\nCollections<br \/>\nServices gouvernementaux et services publics<\/div>\t\t\t\t\t\t\t\t<\/div>\n\t\t\t\t\t\t\t<\/div>\n\t\t\t\t\t\t<\/div>\t\t\t\t\t<\/div>\n\t\t\t\t\t\t\t\t\t\t<div class=\"wf-cell shown\">\n\t\t\t\t\t\t<div class=\"the7-image-box-wrapper the7-box-wrapper the7-elementor-widget\">\t\t\t\t\t\t\t<div class=\"box-content-wrapper\">\n\n\t\t\t\t\t\t\t\t\t\t\t\t\t\t\t\t\t<div class=\"elementor-image-div \">\n\t\t\t\t\t\t\t\t\t\t<a class=\"post-thumbnail-rollover layzr-bg img-css-resize-wrapper\" ><img decoding=\"async\" width=\"179\" height=\"180\" src=\"data:image\/svg+xml,%3Csvg%20xmlns%3D&#039;http%3A%2F%2Fwww.w3.org%2F2000%2Fsvg&#039;%20viewBox%3D&#039;0%200%20179%20180&#039;%2F%3E\" class=\"attachment-full size-full preload-me aspect lazy lazy-load\" alt=\"\" sizes=\"(max-width: 179px) 100vw, 179px\" style=\"--ratio: 179 \/ 180;\" data-src=\"https:\/\/www.flgfrontline.com\/wp-content\/uploads\/2026\/01\/catherine-ciccarelli.png\" loading=\"eager\" data-srcset=\"https:\/\/www.flgfrontline.com\/wp-content\/uploads\/2026\/01\/catherine-ciccarelli.png 179w, https:\/\/www.flgfrontline.com\/wp-content\/uploads\/2026\/01\/catherine-ciccarelli-150x150.png 150w\" \/><\/a>\t\t\t\t\t\t\t\t\t<\/div>\n\t\t\t\t\t\t\t\t\t\t\t\t\t\t\t\t<div class=\"box-content\">\n\t\t\t\t\t\t\t\t\t<div class=\"box-heading\"><a >Catherine Ciccarelli<\/a><\/div><div class=\"box-description\">Directrice<br \/>\nService \u00e0 la client\u00e8le et soutien <\/div>\t\t\t\t\t\t\t\t<\/div>\n\t\t\t\t\t\t\t<\/div>\n\t\t\t\t\t\t<\/div>\t\t\t\t\t<\/div>\n\t\t\t\t\t\t\t\t\t\t<div class=\"wf-cell shown\">\n\t\t\t\t\t\t<div class=\"the7-image-box-wrapper the7-box-wrapper the7-elementor-widget\">\t\t\t\t\t\t\t<div class=\"box-content-wrapper\">\n\n\t\t\t\t\t\t\t\t\t\t\t\t\t\t\t\t\t<div class=\"elementor-image-div \">\n\t\t\t\t\t\t\t\t\t\t<a class=\"post-thumbnail-rollover layzr-bg img-css-resize-wrapper\" ><img decoding=\"async\" width=\"174\" height=\"176\" src=\"data:image\/svg+xml,%3Csvg%20xmlns%3D&#039;http%3A%2F%2Fwww.w3.org%2F2000%2Fsvg&#039;%20viewBox%3D&#039;0%200%20174%20176&#039;%2F%3E\" class=\"attachment-full size-full preload-me aspect lazy lazy-load\" alt=\"\" style=\"--ratio: 174 \/ 176;\" data-src=\"https:\/\/www.flgfrontline.com\/wp-content\/uploads\/2026\/01\/paulina-spizzirri.png\" loading=\"eager\" \/><\/a>\t\t\t\t\t\t\t\t\t<\/div>\n\t\t\t\t\t\t\t\t\t\t\t\t\t\t\t\t<div class=\"box-content\">\n\t\t\t\t\t\t\t\t\t<div class=\"box-heading\"><a >Paulina Spizzirri<\/a><\/div><div class=\"box-description\">Directrice<br \/>\nRessources humaines<\/div>\t\t\t\t\t\t\t\t<\/div>\n\t\t\t\t\t\t\t<\/div>\n\t\t\t\t\t\t<\/div>\t\t\t\t\t<\/div>\n\t\t\t\t\t\t\t\t\t\t<div class=\"wf-cell shown\">\n\t\t\t\t\t\t<div class=\"the7-image-box-wrapper the7-box-wrapper the7-elementor-widget\">\t\t\t\t\t\t\t<div class=\"box-content-wrapper\">\n\n\t\t\t\t\t\t\t\t\t\t\t\t\t\t\t\t\t<div class=\"elementor-image-div \">\n\t\t\t\t\t\t\t\t\t\t<a class=\"post-thumbnail-rollover layzr-bg img-css-resize-wrapper\" ><img decoding=\"async\" width=\"127\" height=\"126\" src=\"data:image\/svg+xml,%3Csvg%20xmlns%3D&#039;http%3A%2F%2Fwww.w3.org%2F2000%2Fsvg&#039;%20viewBox%3D&#039;0%200%20127%20126&#039;%2F%3E\" class=\"attachment-full size-full preload-me aspect lazy lazy-load\" alt=\"\" style=\"--ratio: 127 \/ 126;\" data-src=\"https:\/\/www.flgfrontline.com\/wp-content\/uploads\/2026\/01\/nirav-shukla.png\" loading=\"eager\" \/><\/a>\t\t\t\t\t\t\t\t\t<\/div>\n\t\t\t\t\t\t\t\t\t\t\t\t\t\t\t\t<div class=\"box-content\">\n\t\t\t\t\t\t\t\t\t<div class=\"box-heading\"><a >Nirav Shukla<\/a><\/div><div class=\"box-description\">Vice-pr\u00e9sident<br \/>\nCollections<br \/>\nGrandes banques et GPL<\/div>\t\t\t\t\t\t\t\t<\/div>\n\t\t\t\t\t\t\t<\/div>\n\t\t\t\t\t\t<\/div>\t\t\t\t\t<\/div>\n\t\t\t\t\t\t\t\t\t\t<div class=\"wf-cell shown\">\n\t\t\t\t\t\t<div class=\"the7-image-box-wrapper the7-box-wrapper the7-elementor-widget\">\t\t\t\t\t\t\t<div class=\"box-content-wrapper\">\n\n\t\t\t\t\t\t\t\t\t\t\t\t\t\t\t\t\t<div class=\"elementor-image-div \">\n\t\t\t\t\t\t\t\t\t\t<a class=\"post-thumbnail-rollover layzr-bg img-css-resize-wrapper\" ><img decoding=\"async\" width=\"122\" height=\"122\" src=\"data:image\/svg+xml,%3Csvg%20xmlns%3D&#039;http%3A%2F%2Fwww.w3.org%2F2000%2Fsvg&#039;%20viewBox%3D&#039;0%200%20122%20122&#039;%2F%3E\" class=\"attachment-full size-full preload-me aspect lazy lazy-load\" alt=\"\" style=\"--ratio: 122 \/ 122;\" data-src=\"https:\/\/www.flgfrontline.com\/wp-content\/uploads\/2026\/01\/ted-stempak.png\" loading=\"eager\" \/><\/a>\t\t\t\t\t\t\t\t\t<\/div>\n\t\t\t\t\t\t\t\t\t\t\t\t\t\t\t\t<div class=\"box-content\">\n\t\t\t\t\t\t\t\t\t<div class=\"box-heading\"><a >Ted Stempak<\/a><\/div><div class=\"box-description\">Directeur<br \/>\nVentes nationales<\/div>\t\t\t\t\t\t\t\t<\/div>\n\t\t\t\t\t\t\t<\/div>\n\t\t\t\t\t\t<\/div>\t\t\t\t\t<\/div>\n\t\t\t\t\t\t\t\t\t\t<div class=\"wf-cell shown\">\n\t\t\t\t\t\t<div class=\"the7-image-box-wrapper the7-box-wrapper the7-elementor-widget\">\t\t\t\t\t\t\t<div class=\"box-content-wrapper\">\n\n\t\t\t\t\t\t\t\t\t\t\t\t\t\t\t\t\t<div class=\"elementor-image-div \">\n\t\t\t\t\t\t\t\t\t\t<a class=\"post-thumbnail-rollover layzr-bg img-css-resize-wrapper\" ><img decoding=\"async\" width=\"117\" height=\"116\" src=\"data:image\/svg+xml,%3Csvg%20xmlns%3D&#039;http%3A%2F%2Fwww.w3.org%2F2000%2Fsvg&#039;%20viewBox%3D&#039;0%200%20117%20116&#039;%2F%3E\" class=\"attachment-full size-full preload-me aspect lazy lazy-load\" alt=\"\" style=\"--ratio: 117 \/ 116;\" data-src=\"https:\/\/www.flgfrontline.com\/wp-content\/uploads\/2026\/01\/camilo-rea.png\" loading=\"eager\" \/><\/a>\t\t\t\t\t\t\t\t\t<\/div>\n\t\t\t\t\t\t\t\t\t\t\t\t\t\t\t\t<div class=\"box-content\">\n\t\t\t\t\t\t\t\t\t<div class=\"box-heading\"><a >Camillo Rea<\/a><\/div><div class=\"box-description\">Directeur des op\u00e9rations - Quebec<\/div>\t\t\t\t\t\t\t\t<\/div>\n\t\t\t\t\t\t\t<\/div>\n\t\t\t\t\t\t<\/div>\t\t\t\t\t<\/div>\n\t\t\t\t\t\t\t\t<\/div>\n\t\t\t<\/div>\t\t\t\t<\/div>\n\t\t\t\t<\/div>\n\t\t\t\t<\/div>\n\t\t\t\t\t<\/div>\n\t\t\t\t<\/div>\n\t\t\t\t<\/div>\n\t\t\t\t<\/div>\n\t\t","protected":false},"excerpt":{"rendered":"<p>Qui sommes-nous Groupe Premi\u00e8re Ligne (GPL) , une division de l\u2019Agence de recouvrement CBV est en affaires depuis plus de 100 ans. Nous fournissons des services de gestion de compte client (GCC) et de service client de qualit\u00e9 sup\u00e9rieure aux clients du Fortune Global 500 dans les domaines suivants : t\u00e9l\u00e9communications, services publics, vente au&hellip;<\/p>\n","protected":false},"author":1,"featured_media":0,"parent":0,"menu_order":5,"comment_status":"closed","ping_status":"closed","template":"","meta":{"footnotes":""},"class_list":["post-41466","page","type-page","status-publish","hentry"],"aioseo_notices":[],"_links":{"self":[{"href":"https:\/\/www.flgfrontline.com\/fr\/wp-json\/wp\/v2\/pages\/41466","targetHints":{"allow":["GET"]}}],"collection":[{"href":"https:\/\/www.flgfrontline.com\/fr\/wp-json\/wp\/v2\/pages"}],"about":[{"href":"https:\/\/www.flgfrontline.com\/fr\/wp-json\/wp\/v2\/types\/page"}],"author":[{"embeddable":true,"href":"https:\/\/www.flgfrontline.com\/fr\/wp-json\/wp\/v2\/users\/1"}],"replies":[{"embeddable":true,"href":"https:\/\/www.flgfrontline.com\/fr\/wp-json\/wp\/v2\/comments?post=41466"}],"version-history":[{"count":43,"href":"https:\/\/www.flgfrontline.com\/fr\/wp-json\/wp\/v2\/pages\/41466\/revisions"}],"predecessor-version":[{"id":42181,"href":"https:\/\/www.flgfrontline.com\/fr\/wp-json\/wp\/v2\/pages\/41466\/revisions\/42181"}],"wp:attachment":[{"href":"https:\/\/www.flgfrontline.com\/fr\/wp-json\/wp\/v2\/media?parent=41466"}],"curies":[{"name":"wp","href":"https:\/\/api.w.org\/{rel}","templated":true}]}}