{"id":41478,"date":"2025-11-26T05:58:27","date_gmt":"2025-11-26T05:58:27","guid":{"rendered":"https:\/\/www.flgfrontline.com\/dev\/carrieres\/"},"modified":"2026-02-12T12:08:47","modified_gmt":"2026-02-12T12:08:47","slug":"careers","status":"publish","type":"page","link":"https:\/\/www.flgfrontline.com\/fr\/careers\/","title":{"rendered":"Carri\u00e8res"},"content":{"rendered":"\t\t<div data-elementor-type=\"wp-page\" data-elementor-id=\"41478\" class=\"elementor elementor-41478 elementor-41123\" data-elementor-post-type=\"page\">\n\t\t\t\t<div class=\"elementor-element elementor-element-5a3082d e-con-full e-flex e-con e-parent\" data-id=\"5a3082d\" data-element_type=\"container\" data-e-type=\"container\">\n\t\t<div class=\"elementor-element elementor-element-aceeffd e-flex e-con-boxed e-con e-child\" data-id=\"aceeffd\" data-element_type=\"container\" data-e-type=\"container\">\n\t\t\t\t\t<div class=\"e-con-inner\">\n\t\t<div class=\"elementor-element elementor-element-87d48a9 e-con-full e-flex e-con e-child\" data-id=\"87d48a9\" data-element_type=\"container\" data-e-type=\"container\">\n\t\t\t\t<div class=\"elementor-element elementor-element-f99d734 elementor-widget elementor-widget-the7-heading\" data-id=\"f99d734\" data-element_type=\"widget\" data-e-type=\"widget\" data-widget_type=\"the7-heading.default\">\n\t\t\t\t<div class=\"elementor-widget-container\">\n\t\t\t\t\t<div class=\"the7-heading-title elementor-size-default\">Rejoignez-nous<\/div>\t\t\t\t<\/div>\n\t\t\t\t<\/div>\n\t\t\t\t<div class=\"elementor-element elementor-element-831938e elementor-widget-tablet__width-inherit elementor-widget elementor-widget-text-editor\" data-id=\"831938e\" data-element_type=\"widget\" data-e-type=\"widget\" data-widget_type=\"text-editor.default\">\n\t\t\t\t\t\t\t\t\t<p>Le Groupe Premi\u00e8re Ligne a une \u00e9quipe d\u2019employ\u00e9s incroyable qui sont motiv\u00e9s, talentueux et inspires. Si vous souhaitez vous joindre \u00e0 notre \u00e9quipe et \u00e0 b\u00e2tir une carri\u00e8re avec nous, prenez le temps de consulter la liste de v\u00e9rification ci-dessous pour d\u00e9terminer si vous \u00eates un bon candidat pour notre \u00e9quipe en pleine croissance:<\/p>\n<ul>\n \t<li>\u00cates-vous engag\u00e9 \u00e0 fournir un service exceptionnel et \u00e0 promouvoir la fid\u00e9lit\u00e9 des clients?<\/li>\n \t<li>Avez-vous une attitude positive et des comp\u00e9tences de communication remarquables et \u00e9volutives?<\/li>\n \t<li>Aimez-vous travailler dans un environnement de bureau ax\u00e9 sur l\u2019\u00e9quipe et la collaboration?<\/li>\n \t<li>Avez-vous une exp\u00e9rience r\u00e9ussie dans un centre d\u2019appels?<\/li>\n \t<li>Vous \u00e9panouissez-vous dans un environnement palpitant et dynamique?<\/li>\n<\/ul>\n<p>Si vous avez r\u00e9pondu \u00ab oui \u00bb \u00e0 ces questions, postulez d\u00e8s maintenant pour vous joindre \u00e0 notre \u00e9quipe hors du commun. Envoyez votre CV \u00e0 <a href=\"mailto:flgoncareer@flgfrontline.com\">flgoncareer@flgfrontline.com<\/a><\/p>\t\t\t\t\t\t\t\t<\/div>\n\t\t\t\t<div class=\"elementor-element elementor-element-146dadc elementor-widget elementor-widget-the7-heading\" data-id=\"146dadc\" data-element_type=\"widget\" data-e-type=\"widget\" data-widget_type=\"the7-heading.default\">\n\t\t\t\t<div class=\"elementor-widget-container\">\n\t\t\t\t\t<div class=\"the7-heading-title elementor-size-default\">Opportunit\u00e9s de carri\u00e8re actuelles<\/div>\t\t\t\t<\/div>\n\t\t\t\t<\/div>\n\t\t\t\t<div class=\"elementor-element elementor-element-d5e485c elementor-widget-tablet__width-inherit elementor-widget elementor-widget-text-editor\" data-id=\"d5e485c\" data-element_type=\"widget\" data-e-type=\"widget\" data-widget_type=\"text-editor.default\">\n\t\t\t\t\t\t\t\t\t<p><a title=\"Repr\u00e9sentant du service \u00e0 la client\u00e8le\" href=\"https:\/\/www.flgfrontline.com\/wp-content\/uploads\/2025\/12\/FLG-Website-Appendix-A-French-job-posting.pdf\" target=\"_blank\" rel=\"noopener\">Repr\u00e9sentant du service \u00e0 la client\u00e8le<\/a><br \/>\nNous recherchons une personne enthousiaste qui puisse \u00eatre \u00e0 l\u2019\u00e9coute des probl\u00e8mes relatifs au service \u00e0 la client\u00e8le et proposer une solution unique et innovante \u00e0 chaque probl\u00e8me. Le candidat retenu pour ce poste recevra une excellente formation garantissant une bonne ma\u00eetrise des politiques de service \u00e0 la client\u00e8le de l\u2019entreprise ainsi que des connaissances sur les produits qui peuvent \u00eatre essentielles pour offrir une assistance rapide et pr\u00e9cise aux clients. <a title=\"En savoir plus\" href=\"https:\/\/www.flgfrontline.com\/wp-content\/uploads\/2025\/12\/FLG-Website-Appendix-A-French-job-posting.pdf\" target=\"_blank\" rel=\"noopener\">Apprenez-en plus<\/a><\/p>\t\t\t\t\t\t\t\t<\/div>\n\t\t\t\t<\/div>\n\t\t\t\t\t<\/div>\n\t\t\t\t<\/div>\n\t\t\t\t<\/div>\n\t\t\t\t<\/div>\n\t\t","protected":false},"excerpt":{"rendered":"<p>Rejoignez-nous Le Groupe Premi\u00e8re Ligne a une \u00e9quipe d\u2019employ\u00e9s incroyable qui sont motiv\u00e9s, talentueux et inspires. Si vous souhaitez vous joindre \u00e0 notre \u00e9quipe et \u00e0 b\u00e2tir une carri\u00e8re avec nous, prenez le temps de consulter la liste de v\u00e9rification ci-dessous pour d\u00e9terminer si vous \u00eates un bon candidat pour notre \u00e9quipe en pleine croissance:&hellip;<\/p>\n","protected":false},"author":1,"featured_media":0,"parent":0,"menu_order":5,"comment_status":"closed","ping_status":"closed","template":"","meta":{"footnotes":""},"class_list":["post-41478","page","type-page","status-publish","hentry"],"aioseo_notices":[],"_links":{"self":[{"href":"https:\/\/www.flgfrontline.com\/fr\/wp-json\/wp\/v2\/pages\/41478","targetHints":{"allow":["GET"]}}],"collection":[{"href":"https:\/\/www.flgfrontline.com\/fr\/wp-json\/wp\/v2\/pages"}],"about":[{"href":"https:\/\/www.flgfrontline.com\/fr\/wp-json\/wp\/v2\/types\/page"}],"author":[{"embeddable":true,"href":"https:\/\/www.flgfrontline.com\/fr\/wp-json\/wp\/v2\/users\/1"}],"replies":[{"embeddable":true,"href":"https:\/\/www.flgfrontline.com\/fr\/wp-json\/wp\/v2\/comments?post=41478"}],"version-history":[{"count":19,"href":"https:\/\/www.flgfrontline.com\/fr\/wp-json\/wp\/v2\/pages\/41478\/revisions"}],"predecessor-version":[{"id":42131,"href":"https:\/\/www.flgfrontline.com\/fr\/wp-json\/wp\/v2\/pages\/41478\/revisions\/42131"}],"wp:attachment":[{"href":"https:\/\/www.flgfrontline.com\/fr\/wp-json\/wp\/v2\/media?parent=41478"}],"curies":[{"name":"wp","href":"https:\/\/api.w.org\/{rel}","templated":true}]}}