{"id":41743,"date":"2025-12-18T13:46:31","date_gmt":"2025-12-18T13:46:31","guid":{"rendered":"https:\/\/www.flgfrontline.com\/dev\/services\/ai-solutions\/"},"modified":"2026-03-25T05:27:49","modified_gmt":"2026-03-25T05:27:49","slug":"ai-solutions","status":"publish","type":"page","link":"https:\/\/www.flgfrontline.com\/fr\/services\/ai-solutions\/","title":{"rendered":"Solutions d\u2019IA"},"content":{"rendered":"\t\t<div data-elementor-type=\"wp-page\" data-elementor-id=\"41743\" class=\"elementor elementor-41743 elementor-41627\" data-elementor-post-type=\"page\">\n\t\t\t\t<div class=\"elementor-element elementor-element-584133b e-flex e-con-boxed e-con e-parent\" data-id=\"584133b\" data-element_type=\"container\" data-e-type=\"container\">\n\t\t\t\t\t<div class=\"e-con-inner\">\n\t\t<div class=\"elementor-element elementor-element-1c031f3 e-con-full e-flex e-con e-child\" data-id=\"1c031f3\" data-element_type=\"container\" data-e-type=\"container\">\n\t\t\t\t<div class=\"elementor-element elementor-element-8df3818 elementor-widget elementor-widget-text-editor\" data-id=\"8df3818\" data-element_type=\"widget\" data-e-type=\"widget\" data-widget_type=\"text-editor.default\">\n\t\t\t\t\t\t\t\t\tNous aidons les entreprises \u00e0 moderniser leurs interactions clients gr\u00e2ce \u00e0 une automatisation IA avanc\u00e9e con\u00e7ue pour des r\u00e9sultats concrets. Notre plateforme alimente des agents vocaux, SMS et web autonomes qui g\u00e8rent les conversations avec pr\u00e9cision, rapidit\u00e9 et une r\u00e9activit\u00e9 quasi humaine. Que vous souhaitiez optimiser le recouvrement, renforcer le service client, automatiser les t\u00e2ches de r\u00e9ception ou garantir la conformit\u00e9 de vos op\u00e9rations, nos agents IA offrent des performances constantes et en temps r\u00e9el sur tous les canaux.\t\t\t\t\t\t\t\t<\/div>\n\t\t\t\t<\/div>\n\t\t\t\t\t<\/div>\n\t\t\t\t<\/div>\n\t\t<div class=\"elementor-element elementor-element-a1bee0a e-con-full e-flex e-con e-parent\" data-id=\"a1bee0a\" data-element_type=\"container\" data-e-type=\"container\" id=\"ai-transfer-agent\">\n\t\t<div class=\"elementor-element elementor-element-72cdb75 e-flex e-con-boxed e-con e-child\" data-id=\"72cdb75\" data-element_type=\"container\" data-e-type=\"container\">\n\t\t\t\t\t<div class=\"e-con-inner\">\n\t\t<div class=\"elementor-element elementor-element-58819c8 e-con-full e-flex e-con e-child\" data-id=\"58819c8\" data-element_type=\"container\" data-e-type=\"container\">\n\t\t\t\t<div class=\"elementor-element elementor-element-9740a97 content-align-right the7-hover-visibility-disabled preserve-img-ratio-cover transform-overlay-yes exceeding-frame-yes elementor-widget elementor-widget-the7-image-widget\" data-id=\"9740a97\" data-element_type=\"widget\" data-e-type=\"widget\" data-settings=\"{&quot;hover_visibility&quot;:&quot;disabled&quot;}\" data-widget_type=\"the7-image-widget.default\">\n\t\t\t\t<div class=\"elementor-widget-container\">\n\t\t\t\t\t<div class=\"the7-image-container\"><div class=\"the7-image-wrapper the7-elementor-widget the7-transform-container\"><div class=\"post-thumbnail-rollover layzr-bg img-css-resize-wrapper\"><img fetchpriority=\"high\" decoding=\"async\" width=\"1800\" height=\"1200\" src=\"data:image\/svg+xml,%3Csvg%20xmlns%3D&#039;http%3A%2F%2Fwww.w3.org%2F2000%2Fsvg&#039;%20viewBox%3D&#039;0%200%201800%201200&#039;%2F%3E\" class=\"attachment-full size-full preload-me aspect lazy lazy-load\" alt=\"\" sizes=\"(max-width: 1800px) 100vw, 1800px\" style=\"--ratio: 1800 \/ 1200;\" data-src=\"https:\/\/www.flgfrontline.com\/wp-content\/uploads\/2025\/12\/ai-transfer-agent.jpg\" loading=\"eager\" data-srcset=\"https:\/\/www.flgfrontline.com\/wp-content\/uploads\/2025\/12\/ai-transfer-agent.jpg 1800w, https:\/\/www.flgfrontline.com\/wp-content\/uploads\/2025\/12\/ai-transfer-agent-300x200.jpg 300w, https:\/\/www.flgfrontline.com\/wp-content\/uploads\/2025\/12\/ai-transfer-agent-1024x683.jpg 1024w, https:\/\/www.flgfrontline.com\/wp-content\/uploads\/2025\/12\/ai-transfer-agent-768x512.jpg 768w, https:\/\/www.flgfrontline.com\/wp-content\/uploads\/2025\/12\/ai-transfer-agent-1536x1024.jpg 1536w\" \/><\/div><\/div><\/div>\t\t\t\t<\/div>\n\t\t\t\t<\/div>\n\t\t\t\t<\/div>\n\t\t<div class=\"elementor-element elementor-element-278ca9d e-con-full e-flex e-con e-child\" data-id=\"278ca9d\" data-element_type=\"container\" data-e-type=\"container\">\n\t\t\t\t<div class=\"elementor-element elementor-element-4e3ded6 elementor-widget-tablet__width-inherit elementor-widget elementor-widget-the7-heading\" data-id=\"4e3ded6\" data-element_type=\"widget\" data-e-type=\"widget\" data-widget_type=\"the7-heading.default\">\n\t\t\t\t<div class=\"elementor-widget-container\">\n\t\t\t\t\t<div class=\"the7-heading-title elementor-size-default\">Agent de transfert IA<\/div>\t\t\t\t<\/div>\n\t\t\t\t<\/div>\n\t\t\t\t<div class=\"elementor-element elementor-element-2574f96 elementor-widget-tablet__width-inherit elementor-widget elementor-widget-text-editor\" data-id=\"2574f96\" data-element_type=\"widget\" data-e-type=\"widget\" data-widget_type=\"text-editor.default\">\n\t\t\t\t\t\t\t\t\t<p>Validation du bon parti (VBP) vous assure de communiquer avec le bon d\u00e9biteur \u2013 une \u00e9tape indispensable pour la conformit\u00e9 et un recouvrement efficace. La VBP traditionnelle est lente et co\u00fbteuse, mais notre agent de transfert IA automatise le processus avec rapidit\u00e9 et pr\u00e9cision. Lors de tests r\u00e9cents men\u00e9s aupr\u00e8s d\u2019un client important, il a surpass\u00e9 les \u00e9quipes extraterritoriales en fournissant des v\u00e9rifications plus rapides, \u00e0 moindre co\u00fbt et avec une efficacit\u00e9 accrue.<\/p>\t\t\t\t\t\t\t\t<\/div>\n\t\t\t\t<div class=\"elementor-element elementor-element-0d0ea73 elementor-widget elementor-widget-wp-widget-media_audio\" data-id=\"0d0ea73\" data-element_type=\"widget\" data-e-type=\"widget\" data-widget_type=\"wp-widget-media_audio.default\">\n\t\t\t\t<div class=\"elementor-widget-container\">\n\t\t\t\t\t<audio class=\"wp-audio-shortcode\" id=\"audio-41743-1\" preload=\"auto\" style=\"width: 100%;\" controls=\"controls\"><source type=\"audio\/wav\" src=\"https:\/\/www.flgfrontline.com\/wp-content\/uploads\/2026\/03\/CBV-FR-TA.wav?_=1\" \/><source type=\"audio\/wav\" src=\"https:\/\/www.flgfrontline.com\/wp-content\/uploads\/2026\/03\/CBV-FR-TA.wav?_=1\" \/><a href=\"https:\/\/www.flgfrontline.com\/wp-content\/uploads\/2026\/03\/CBV-FR-TA.wav\">https:\/\/www.flgfrontline.com\/wp-content\/uploads\/2026\/03\/CBV-FR-TA.wav<\/a><\/audio>\t\t\t\t<\/div>\n\t\t\t\t<\/div>\n\t\t\t\t<\/div>\n\t\t\t\t\t<\/div>\n\t\t\t\t<\/div>\n\t\t\t\t<div class=\"elementor-element elementor-element-cedac41 elementor-widget elementor-widget-spacer\" data-id=\"cedac41\" data-element_type=\"widget\" data-e-type=\"widget\" data-widget_type=\"spacer.default\">\n\t\t\t\t\t\t\t<div class=\"elementor-spacer\">\n\t\t\t<div class=\"elementor-spacer-inner\"><\/div>\n\t\t<\/div>\n\t\t\t\t\t\t<\/div>\n\t\t\t\t<\/div>\n\t\t<div class=\"elementor-element elementor-element-3ea2f58 e-con-full e-flex e-con e-parent\" data-id=\"3ea2f58\" data-element_type=\"container\" data-e-type=\"container\" id=\"ai-collection-agent\">\n\t\t<div class=\"elementor-element elementor-element-2747615 e-flex e-con-boxed e-con e-child\" data-id=\"2747615\" data-element_type=\"container\" data-e-type=\"container\">\n\t\t\t\t\t<div class=\"e-con-inner\">\n\t\t<div class=\"elementor-element elementor-element-72db92e e-con-full e-flex e-con e-child\" data-id=\"72db92e\" data-element_type=\"container\" data-e-type=\"container\">\n\t\t\t\t<div class=\"elementor-element elementor-element-d2c6007 elementor-widget-tablet__width-inherit elementor-widget elementor-widget-the7-heading\" data-id=\"d2c6007\" data-element_type=\"widget\" data-e-type=\"widget\" data-widget_type=\"the7-heading.default\">\n\t\t\t\t<div class=\"elementor-widget-container\">\n\t\t\t\t\t<div class=\"the7-heading-title elementor-size-default\">Agent de recouvrement IA<\/div>\t\t\t\t<\/div>\n\t\t\t\t<\/div>\n\t\t\t\t<div class=\"elementor-element elementor-element-432b57b elementor-widget-tablet__width-inherit elementor-widget elementor-widget-text-editor\" data-id=\"432b57b\" data-element_type=\"widget\" data-e-type=\"widget\" data-widget_type=\"text-editor.default\">\n\t\t\t\t\t\t\t\t\t<p>Nos agents IA omnicanaux et multilingues tiennent des conversations naturelles et fluides, faisant preuve d\u2019empathie, de capacit\u00e9 de n\u00e9gociation, de d\u00e9tection des sentiments et de ma\u00eetrise du ton. Ils fonctionnent 24\/7 par la voix, les SMS, le clavardage, les courriel et les r\u00e9seaux sociaux, nous assurons des interactions coh\u00e9rentes et fiables \u00e0 grande \u00e9chelle.<\/p>\t\t\t\t\t\t\t\t<\/div>\n\t\t\t\t<div class=\"elementor-element elementor-element-af9f835 elementor-widget-tablet__width-inherit elementor-widget elementor-widget-text-editor\" data-id=\"af9f835\" data-element_type=\"widget\" data-e-type=\"widget\" data-widget_type=\"text-editor.default\">\n\t\t\t\t\t\t\t\t\t<p>Nos agents IA multilingues et omnicanaux tiennent des conversations naturelles et fluides, faisant preuve d\u2019empathie, de capacit\u00e9 de n\u00e9gociation, de d\u00e9tection des sentiments et de ma\u00eetrise du ton. Ils sont disponibles 24\/7 par la voix, les SMS, le clavardage, <span data-olk-copy-source=\"MessageBody\">le <\/span>courriel et les r\u00e9seaux sociaux, garantissant des interactions fiables et coh\u00e9rentes \u00e0 grande \u00e9chelle.<\/p>\t\t\t\t\t\t\t\t<\/div>\n\t\t\t\t<div class=\"elementor-element elementor-element-c3dc50a elementor-widget elementor-widget-wp-widget-media_audio\" data-id=\"c3dc50a\" data-element_type=\"widget\" data-e-type=\"widget\" data-widget_type=\"wp-widget-media_audio.default\">\n\t\t\t\t<div class=\"elementor-widget-container\">\n\t\t\t\t\t<audio class=\"wp-audio-shortcode\" id=\"audio-41743-2\" preload=\"auto\" style=\"width: 100%;\" controls=\"controls\"><source type=\"audio\/wav\" src=\"https:\/\/www.flgfrontline.com\/wp-content\/uploads\/2026\/03\/CBV-FR-DA.wav?_=2\" \/><source type=\"audio\/wav\" src=\"https:\/\/www.flgfrontline.com\/wp-content\/uploads\/2026\/03\/CBV-FR-DA.wav?_=2\" \/><a href=\"https:\/\/www.flgfrontline.com\/wp-content\/uploads\/2026\/03\/CBV-FR-DA.wav\">https:\/\/www.flgfrontline.com\/wp-content\/uploads\/2026\/03\/CBV-FR-DA.wav<\/a><\/audio>\t\t\t\t<\/div>\n\t\t\t\t<\/div>\n\t\t\t\t<\/div>\n\t\t<div class=\"elementor-element elementor-element-9af38b0 e-con-full e-flex e-con e-child\" data-id=\"9af38b0\" data-element_type=\"container\" data-e-type=\"container\">\n\t\t\t\t<div class=\"elementor-element elementor-element-9e5b844 content-align-right the7-hover-visibility-disabled preserve-img-ratio-cover transform-overlay-yes exceeding-frame-yes elementor-widget elementor-widget-the7-image-widget\" data-id=\"9e5b844\" data-element_type=\"widget\" data-e-type=\"widget\" data-settings=\"{&quot;hover_visibility&quot;:&quot;disabled&quot;}\" data-widget_type=\"the7-image-widget.default\">\n\t\t\t\t<div class=\"elementor-widget-container\">\n\t\t\t\t\t<div class=\"the7-image-container\"><div class=\"the7-image-wrapper the7-elementor-widget the7-transform-container\"><div class=\"post-thumbnail-rollover layzr-bg img-css-resize-wrapper\"><img decoding=\"async\" width=\"1800\" height=\"1200\" src=\"data:image\/svg+xml,%3Csvg%20xmlns%3D&#039;http%3A%2F%2Fwww.w3.org%2F2000%2Fsvg&#039;%20viewBox%3D&#039;0%200%201800%201200&#039;%2F%3E\" class=\"attachment-full size-full preload-me aspect lazy lazy-load\" alt=\"\" sizes=\"(max-width: 1800px) 100vw, 1800px\" style=\"--ratio: 1800 \/ 1200;\" data-src=\"https:\/\/www.flgfrontline.com\/wp-content\/uploads\/2025\/12\/ai-collection-agent.jpg\" loading=\"eager\" data-srcset=\"https:\/\/www.flgfrontline.com\/wp-content\/uploads\/2025\/12\/ai-collection-agent.jpg 1800w, https:\/\/www.flgfrontline.com\/wp-content\/uploads\/2025\/12\/ai-collection-agent-300x200.jpg 300w, https:\/\/www.flgfrontline.com\/wp-content\/uploads\/2025\/12\/ai-collection-agent-1024x683.jpg 1024w, https:\/\/www.flgfrontline.com\/wp-content\/uploads\/2025\/12\/ai-collection-agent-768x512.jpg 768w, https:\/\/www.flgfrontline.com\/wp-content\/uploads\/2025\/12\/ai-collection-agent-1536x1024.jpg 1536w\" \/><\/div><\/div><\/div>\t\t\t\t<\/div>\n\t\t\t\t<\/div>\n\t\t\t\t<\/div>\n\t\t\t\t\t<\/div>\n\t\t\t\t<\/div>\n\t\t\t\t<div class=\"elementor-element elementor-element-60da697 elementor-widget elementor-widget-spacer\" data-id=\"60da697\" data-element_type=\"widget\" data-e-type=\"widget\" data-widget_type=\"spacer.default\">\n\t\t\t\t\t\t\t<div class=\"elementor-spacer\">\n\t\t\t<div class=\"elementor-spacer-inner\"><\/div>\n\t\t<\/div>\n\t\t\t\t\t\t<\/div>\n\t\t\t\t<\/div>\n\t\t<div class=\"elementor-element elementor-element-e1c8838 e-con-full e-flex e-con e-parent\" data-id=\"e1c8838\" data-element_type=\"container\" data-e-type=\"container\" id=\"qa-collections\">\n\t\t<div class=\"elementor-element elementor-element-2111069 e-flex e-con-boxed e-con e-child\" data-id=\"2111069\" data-element_type=\"container\" data-e-type=\"container\">\n\t\t\t\t\t<div class=\"e-con-inner\">\n\t\t<div class=\"elementor-element elementor-element-193533b e-con-full e-flex e-con e-child\" data-id=\"193533b\" data-element_type=\"container\" data-e-type=\"container\">\n\t\t\t\t<div class=\"elementor-element elementor-element-601120b content-align-right the7-hover-visibility-disabled preserve-img-ratio-cover transform-overlay-yes exceeding-frame-yes elementor-widget elementor-widget-the7-image-widget\" data-id=\"601120b\" data-element_type=\"widget\" data-e-type=\"widget\" data-settings=\"{&quot;hover_visibility&quot;:&quot;disabled&quot;}\" data-widget_type=\"the7-image-widget.default\">\n\t\t\t\t<div class=\"elementor-widget-container\">\n\t\t\t\t\t<div class=\"the7-image-container\"><div class=\"the7-image-wrapper the7-elementor-widget the7-transform-container\"><div class=\"post-thumbnail-rollover layzr-bg img-css-resize-wrapper\"><img decoding=\"async\" width=\"1800\" height=\"1200\" src=\"data:image\/svg+xml,%3Csvg%20xmlns%3D&#039;http%3A%2F%2Fwww.w3.org%2F2000%2Fsvg&#039;%20viewBox%3D&#039;0%200%201800%201200&#039;%2F%3E\" class=\"attachment-full size-full preload-me aspect lazy lazy-load\" alt=\"\" sizes=\"(max-width: 1800px) 100vw, 1800px\" style=\"--ratio: 1800 \/ 1200;\" data-src=\"https:\/\/www.flgfrontline.com\/wp-content\/uploads\/2025\/12\/qa-for-collections.jpg\" loading=\"eager\" data-srcset=\"https:\/\/www.flgfrontline.com\/wp-content\/uploads\/2025\/12\/qa-for-collections.jpg 1800w, https:\/\/www.flgfrontline.com\/wp-content\/uploads\/2025\/12\/qa-for-collections-300x200.jpg 300w, https:\/\/www.flgfrontline.com\/wp-content\/uploads\/2025\/12\/qa-for-collections-1024x683.jpg 1024w, https:\/\/www.flgfrontline.com\/wp-content\/uploads\/2025\/12\/qa-for-collections-768x512.jpg 768w, https:\/\/www.flgfrontline.com\/wp-content\/uploads\/2025\/12\/qa-for-collections-1536x1024.jpg 1536w\" \/><\/div><\/div><\/div>\t\t\t\t<\/div>\n\t\t\t\t<\/div>\n\t\t\t\t<\/div>\n\t\t<div class=\"elementor-element elementor-element-227e36b e-con-full e-flex e-con e-child\" data-id=\"227e36b\" data-element_type=\"container\" data-e-type=\"container\">\n\t\t\t\t<div class=\"elementor-element elementor-element-d7416f2 elementor-widget-tablet__width-inherit elementor-widget elementor-widget-the7-heading\" data-id=\"d7416f2\" data-element_type=\"widget\" data-e-type=\"widget\" data-widget_type=\"the7-heading.default\">\n\t\t\t\t<div class=\"elementor-widget-container\">\n\t\t\t\t\t<div class=\"the7-heading-title elementor-size-default\">Assurance qualit\u00e9<\/div>\t\t\t\t<\/div>\n\t\t\t\t<\/div>\n\t\t\t\t<div class=\"elementor-element elementor-element-dfaf425 elementor-widget-tablet__width-inherit elementor-widget elementor-widget-text-editor\" data-id=\"dfaf425\" data-element_type=\"widget\" data-e-type=\"widget\" data-widget_type=\"text-editor.default\">\n\t\t\t\t\t\t\t\t\tAutomatisez l\u2019int\u00e9gralit\u00e9 de votre processus d\u2019analyse des appels. Notre IA transcrit instantan\u00e9ment, identifie les intervenants et \u00e9value les conversations avec pr\u00e9cision, vous offrant ainsi une visibilit\u00e9 imm\u00e9diate sur les performances. Suivez les indicateurs de chaque agent ou visualisez les tendances sur n\u2019importe quelle p\u00e9riode gr\u00e2ce \u00e0 des rapports t\u00e9l\u00e9chargeables ou un tableau de bord d\u00e9cisionnel en temps r\u00e9el.\t\t\t\t\t\t\t\t<\/div>\n\t\t\t\t<div class=\"elementor-element elementor-element-8833e0d elementor-widget-tablet__width-inherit elementor-widget elementor-widget-text-editor\" data-id=\"8833e0d\" data-element_type=\"widget\" data-e-type=\"widget\" data-widget_type=\"text-editor.default\">\n\t\t\t\t\t\t\t\t\tAutomatisez l\u2019int\u00e9gralit\u00e9 de votre processus d\u2019analyse des appels. Notre IA transcrit instantan\u00e9ment, identifie les intervenants et \u00e9value les conversations avec pr\u00e9cision, vous offrant ainsi une visibilit\u00e9 imm\u00e9diate sur les performances. Suivez les indicateurs de chaque agent ou visualisez les tendances sur n\u2019importe quelle p\u00e9riode gr\u00e2ce \u00e0 des rapports t\u00e9l\u00e9chargeables ou un tableau de bord d\u00e9cisionnel en temps r\u00e9el.\t\t\t\t\t\t\t\t<\/div>\n\t\t\t\t<\/div>\n\t\t\t\t\t<\/div>\n\t\t\t\t<\/div>\n\t\t\t\t<div class=\"elementor-element elementor-element-3542140 elementor-widget elementor-widget-spacer\" data-id=\"3542140\" data-element_type=\"widget\" data-e-type=\"widget\" data-widget_type=\"spacer.default\">\n\t\t\t\t\t\t\t<div class=\"elementor-spacer\">\n\t\t\t<div class=\"elementor-spacer-inner\"><\/div>\n\t\t<\/div>\n\t\t\t\t\t\t<\/div>\n\t\t\t\t<\/div>\n\t\t\t\t<\/div>\n\t\t","protected":false},"excerpt":{"rendered":"<p>Nous aidons les entreprises \u00e0 moderniser leurs interactions clients gr\u00e2ce \u00e0 une automatisation IA avanc\u00e9e con\u00e7ue pour des r\u00e9sultats concrets. Notre plateforme alimente des agents vocaux, SMS et web autonomes qui g\u00e8rent les conversations avec pr\u00e9cision, rapidit\u00e9 et une r\u00e9activit\u00e9 quasi humaine. Que vous souhaitiez optimiser le recouvrement, renforcer le service client, automatiser les t\u00e2ches&hellip;<\/p>\n","protected":false},"author":1,"featured_media":0,"parent":41480,"menu_order":20,"comment_status":"closed","ping_status":"closed","template":"","meta":{"footnotes":""},"class_list":["post-41743","page","type-page","status-publish","hentry"],"aioseo_notices":[],"_links":{"self":[{"href":"https:\/\/www.flgfrontline.com\/fr\/wp-json\/wp\/v2\/pages\/41743","targetHints":{"allow":["GET"]}}],"collection":[{"href":"https:\/\/www.flgfrontline.com\/fr\/wp-json\/wp\/v2\/pages"}],"about":[{"href":"https:\/\/www.flgfrontline.com\/fr\/wp-json\/wp\/v2\/types\/page"}],"author":[{"embeddable":true,"href":"https:\/\/www.flgfrontline.com\/fr\/wp-json\/wp\/v2\/users\/1"}],"replies":[{"embeddable":true,"href":"https:\/\/www.flgfrontline.com\/fr\/wp-json\/wp\/v2\/comments?post=41743"}],"version-history":[{"count":45,"href":"https:\/\/www.flgfrontline.com\/fr\/wp-json\/wp\/v2\/pages\/41743\/revisions"}],"predecessor-version":[{"id":42192,"href":"https:\/\/www.flgfrontline.com\/fr\/wp-json\/wp\/v2\/pages\/41743\/revisions\/42192"}],"up":[{"embeddable":true,"href":"https:\/\/www.flgfrontline.com\/fr\/wp-json\/wp\/v2\/pages\/41480"}],"wp:attachment":[{"href":"https:\/\/www.flgfrontline.com\/fr\/wp-json\/wp\/v2\/media?parent=41743"}],"curies":[{"name":"wp","href":"https:\/\/api.w.org\/{rel}","templated":true}]}}